{"id":8,"date":"2014-01-15T20:05:47","date_gmt":"2014-01-15T20:05:47","guid":{"rendered":"http:\/\/oicriativas.faac.unesp.br\/?page_id=8"},"modified":"2021-05-22T13:29:48","modified_gmt":"2021-05-22T16:29:48","slug":"quem-somos","status":"publish","type":"page","link":"https:\/\/oicriativas.faac.unesp.br\/index.php\/quem-somos\/","title":{"rendered":"Quem Somos"},"content":{"rendered":"\n<p>O Observat\u00f3rio de Inova\u00e7\u00e3o e Criatividade \u00e9 um projeto nas \u00e1reas de comunica\u00e7\u00e3o e tecnologia do Departamento de Comunica\u00e7\u00e3o Social da Faculdade de Arquitetura, Artes e Comunica\u00e7\u00e3o da UNESP Bauru. O projeto nasceu da inten\u00e7\u00e3o de criar um acervo digital de refer\u00eancias bibliogr\u00e1ficas e midi\u00e1ticas a respeito das Ind\u00fastrias Criativas. Os trabalhos de pesquisa e organiza\u00e7\u00e3o s\u00e3o desenvolvidos por alunos de inicia\u00e7\u00e3o cient\u00edfica, p\u00f3s-gradua\u00e7\u00e3o e monitores de Jornalismo, Ci\u00eancias da Computa\u00e7\u00e3o e Design. O projeto \u00e9 desenvolvido junto ao <a rel=\"noreferrer noopener\" href=\"http:\/\/www.lecotec.faac.unesp.br\" target=\"_blank\">Lecotec (Laborat\u00f3rio de Estudos em Comunica\u00e7\u00e3o, Tecnologia, Educa\u00e7\u00e3o e Criatividade)<\/a>.<\/p>\n\n\n\n<hr class=\"wp-block-separator has-text-color has-background has-neve-link-color-background-color has-neve-link-color-color is-style-wide\"\/>\n\n\n\n<h3 class=\"wp-block-heading\">Contato<\/h3>\n\n\n\n<p>Lecotec \u2013 Laborat\u00f3rio de Estudos em Comunica\u00e7\u00e3o, Tecnologia, Educa\u00e7\u00e3o e Criatividade<br>Professor respons\u00e1vel: Dr. Juliano Mauricio de Carvalho<br>E-mail:&nbsp;<a href=\"mailto:oicriativas.faac@unesp.br\">oicriativas.faac@unesp.br<\/a><br>Telefones: (14) 3103-6168<\/p>\n\n\n\n<p>Av Eng Luiz Edmundo Carrijo Coube, n\u00ba 14-01<br>Bairro: Vargem Limpa<br>17033-360 &#8211; Bauru, SP, Brasil<\/p>\n\n\n\n<hr class=\"wp-block-separator has-text-color has-background has-neve-link-color-background-color has-neve-link-color-color is-style-dots\"\/>\n\n\n\n<h3 class=\"wp-block-heading\">Nos acompanhe atrav\u00e9s das redes sociais do Lecotec!<\/h3>\n\n\n\n<ul class=\"wp-block-social-links is-style-pill-shape is-layout-flex\"><li class=\"wp-social-link wp-social-link-facebook wp-block-social-link\"><a rel=\" noopener nofollow\" target=\"_blank\" href=\"https:\/\/www.facebook.com\/oicriativas\" class=\"wp-block-social-link-anchor\"><svg width=\"24\" height=\"24\" viewBox=\"0 0 24 24\" version=\"1.1\" xmlns=\"http:\/\/www.w3.org\/2000\/svg\" aria-hidden=\"true\" focusable=\"false\"><path d=\"M12 2C6.5 2 2 6.5 2 12c0 5 3.7 9.1 8.4 9.9v-7H7.9V12h2.5V9.8c0-2.5 1.5-3.9 3.8-3.9 1.1 0 2.2.2 2.2.2v2.5h-1.3c-1.2 0-1.6.8-1.6 1.6V12h2.8l-.4 2.9h-2.3v7C18.3 21.1 22 17 22 12c0-5.5-4.5-10-10-10z\"><\/path><\/svg><span class=\"wp-block-social-link-label screen-reader-text\">Facebook<\/span><\/a><\/li>\n\n<li class=\"wp-social-link wp-social-link-instagram wp-block-social-link\"><a rel=\" noopener nofollow\" target=\"_blank\" href=\"https:\/\/www.instagram.com\/oicriativas\" class=\"wp-block-social-link-anchor\"><svg width=\"24\" height=\"24\" viewBox=\"0 0 24 24\" version=\"1.1\" xmlns=\"http:\/\/www.w3.org\/2000\/svg\" aria-hidden=\"true\" focusable=\"false\"><path d=\"M12,4.622c2.403,0,2.688,0.009,3.637,0.052c0.877,0.04,1.354,0.187,1.671,0.31c0.42,0.163,0.72,0.358,1.035,0.673 c0.315,0.315,0.51,0.615,0.673,1.035c0.123,0.317,0.27,0.794,0.31,1.671c0.043,0.949,0.052,1.234,0.052,3.637 s-0.009,2.688-0.052,3.637c-0.04,0.877-0.187,1.354-0.31,1.671c-0.163,0.42-0.358,0.72-0.673,1.035 c-0.315,0.315-0.615,0.51-1.035,0.673c-0.317,0.123-0.794,0.27-1.671,0.31c-0.949,0.043-1.233,0.052-3.637,0.052 s-2.688-0.009-3.637-0.052c-0.877-0.04-1.354-0.187-1.671-0.31c-0.42-0.163-0.72-0.358-1.035-0.673 c-0.315-0.315-0.51-0.615-0.673-1.035c-0.123-0.317-0.27-0.794-0.31-1.671C4.631,14.688,4.622,14.403,4.622,12 s0.009-2.688,0.052-3.637c0.04-0.877,0.187-1.354,0.31-1.671c0.163-0.42,0.358-0.72,0.673-1.035 c0.315-0.315,0.615-0.51,1.035-0.673c0.317-0.123,0.794-0.27,1.671-0.31C9.312,4.631,9.597,4.622,12,4.622 M12,3 C9.556,3,9.249,3.01,8.289,3.054C7.331,3.098,6.677,3.25,6.105,3.472C5.513,3.702,5.011,4.01,4.511,4.511 c-0.5,0.5-0.808,1.002-1.038,1.594C3.25,6.677,3.098,7.331,3.054,8.289C3.01,9.249,3,9.556,3,12c0,2.444,0.01,2.751,0.054,3.711 c0.044,0.958,0.196,1.612,0.418,2.185c0.23,0.592,0.538,1.094,1.038,1.594c0.5,0.5,1.002,0.808,1.594,1.038 c0.572,0.222,1.227,0.375,2.185,0.418C9.249,20.99,9.556,21,12,21s2.751-0.01,3.711-0.054c0.958-0.044,1.612-0.196,2.185-0.418 c0.592-0.23,1.094-0.538,1.594-1.038c0.5-0.5,0.808-1.002,1.038-1.594c0.222-0.572,0.375-1.227,0.418-2.185 C20.99,14.751,21,14.444,21,12s-0.01-2.751-0.054-3.711c-0.044-0.958-0.196-1.612-0.418-2.185c-0.23-0.592-0.538-1.094-1.038-1.594 c-0.5-0.5-1.002-0.808-1.594-1.038c-0.572-0.222-1.227-0.375-2.185-0.418C14.751,3.01,14.444,3,12,3L12,3z M12,7.378 c-2.552,0-4.622,2.069-4.622,4.622S9.448,16.622,12,16.622s4.622-2.069,4.622-4.622S14.552,7.378,12,7.378z M12,15 c-1.657,0-3-1.343-3-3s1.343-3,3-3s3,1.343,3,3S13.657,15,12,15z M16.804,6.116c-0.596,0-1.08,0.484-1.08,1.08 s0.484,1.08,1.08,1.08c0.596,0,1.08-0.484,1.08-1.08S17.401,6.116,16.804,6.116z\"><\/path><\/svg><span class=\"wp-block-social-link-label screen-reader-text\">Instagram<\/span><\/a><\/li>\n\n<li class=\"wp-social-link wp-social-link-twitter wp-block-social-link\"><a rel=\" noopener nofollow\" target=\"_blank\" href=\"https:\/\/twitter.com\/oicriativas\" class=\"wp-block-social-link-anchor\"><svg width=\"24\" height=\"24\" viewBox=\"0 0 24 24\" version=\"1.1\" xmlns=\"http:\/\/www.w3.org\/2000\/svg\" aria-hidden=\"true\" focusable=\"false\"><path d=\"M22.23,5.924c-0.736,0.326-1.527,0.547-2.357,0.646c0.847-0.508,1.498-1.312,1.804-2.27 c-0.793,0.47-1.671,0.812-2.606,0.996C18.324,4.498,17.257,4,16.077,4c-2.266,0-4.103,1.837-4.103,4.103 c0,0.322,0.036,0.635,0.106,0.935C8.67,8.867,5.647,7.234,3.623,4.751C3.27,5.357,3.067,6.062,3.067,6.814 c0,1.424,0.724,2.679,1.825,3.415c-0.673-0.021-1.305-0.206-1.859-0.513c0,0.017,0,0.034,0,0.052c0,1.988,1.414,3.647,3.292,4.023 c-0.344,0.094-0.707,0.144-1.081,0.144c-0.264,0-0.521-0.026-0.772-0.074c0.522,1.63,2.038,2.816,3.833,2.85 c-1.404,1.1-3.174,1.756-5.096,1.756c-0.331,0-0.658-0.019-0.979-0.057c1.816,1.164,3.973,1.843,6.29,1.843 c7.547,0,11.675-6.252,11.675-11.675c0-0.178-0.004-0.355-0.012-0.531C20.985,7.47,21.68,6.747,22.23,5.924z\"><\/path><\/svg><span class=\"wp-block-social-link-label screen-reader-text\">Twitter<\/span><\/a><\/li><\/ul>\n\n\n\n<hr class=\"wp-block-separator has-text-color has-background has-neve-link-color-background-color has-neve-link-color-color is-style-wide\"\/>\n\n\n\n<p><\/p>\n","protected":false},"excerpt":{"rendered":"<p>O Observat\u00f3rio de Inova\u00e7\u00e3o e Criatividade \u00e9 um projeto nas \u00e1reas de comunica\u00e7\u00e3o e tecnologia do Departamento de Comunica\u00e7\u00e3o Social da Faculdade de Arquitetura, Artes e Comunica\u00e7\u00e3o da UNESP Bauru. O projeto nasceu da inten\u00e7\u00e3o de criar um acervo digital de refer\u00eancias bibliogr\u00e1ficas e midi\u00e1ticas a respeito das Ind\u00fastrias Criativas. Os trabalhos de pesquisa e&hellip;&nbsp;<a href=\"https:\/\/oicriativas.faac.unesp.br\/index.php\/quem-somos\/\" class=\"\" rel=\"bookmark\">Continue a ler &raquo;<span class=\"screen-reader-text\">Quem Somos<\/span><\/a><\/p>\n","protected":false},"author":1,"featured_media":0,"parent":0,"menu_order":0,"comment_status":"open","ping_status":"open","template":"","meta":{"neve_meta_sidebar":"","neve_meta_container":"","neve_meta_enable_content_width":"","neve_meta_content_width":0,"neve_meta_title_alignment":"","neve_meta_author_avatar":"","neve_post_elements_order":"","neve_meta_disable_header":"","neve_meta_disable_footer":"","neve_meta_disable_title":""},"yoast_head":"<!-- This site is optimized with the Yoast SEO plugin v19.13 - https:\/\/yoast.com\/wordpress\/plugins\/seo\/ -->\n<title>Quem Somos - Oi Criativas<\/title>\n<meta name=\"robots\" content=\"index, follow, max-snippet:-1, max-image-preview:large, max-video-preview:-1\" \/>\n<link rel=\"canonical\" href=\"https:\/\/oicriativas.faac.unesp.br\/index.php\/quem-somos\/\" \/>\n<meta name=\"twitter:card\" content=\"summary_large_image\" \/>\n<meta name=\"twitter:title\" content=\"Quem Somos - Oi Criativas\" \/>\n<meta name=\"twitter:description\" content=\"O Observat\u00f3rio de Inova\u00e7\u00e3o e Criatividade \u00e9 um projeto nas \u00e1reas de comunica\u00e7\u00e3o e tecnologia do Departamento de Comunica\u00e7\u00e3o Social da Faculdade de Arquitetura, Artes e Comunica\u00e7\u00e3o da UNESP Bauru. O projeto nasceu da inten\u00e7\u00e3o de criar um acervo digital de refer\u00eancias bibliogr\u00e1ficas e midi\u00e1ticas a respeito das Ind\u00fastrias Criativas. Os trabalhos de pesquisa e&hellip;&nbsp;Continue a ler &raquo;Quem Somos\" \/>\n<meta name=\"twitter:label1\" content=\"Est. tempo de leitura\" \/>\n\t<meta name=\"twitter:data1\" content=\"1 minuto\" \/>\n<script type=\"application\/ld+json\" class=\"yoast-schema-graph\">{\"@context\":\"https:\/\/schema.org\",\"@graph\":[{\"@type\":\"WebPage\",\"@id\":\"https:\/\/oicriativas.faac.unesp.br\/index.php\/quem-somos\/\",\"url\":\"https:\/\/oicriativas.faac.unesp.br\/index.php\/quem-somos\/\",\"name\":\"Quem Somos - Oi Criativas\",\"isPartOf\":{\"@id\":\"https:\/\/oicriativas.faac.unesp.br\/#website\"},\"datePublished\":\"2014-01-15T20:05:47+00:00\",\"dateModified\":\"2021-05-22T16:29:48+00:00\",\"breadcrumb\":{\"@id\":\"https:\/\/oicriativas.faac.unesp.br\/index.php\/quem-somos\/#breadcrumb\"},\"inLanguage\":\"pt-BR\",\"potentialAction\":[{\"@type\":\"ReadAction\",\"target\":[\"https:\/\/oicriativas.faac.unesp.br\/index.php\/quem-somos\/\"]}]},{\"@type\":\"BreadcrumbList\",\"@id\":\"https:\/\/oicriativas.faac.unesp.br\/index.php\/quem-somos\/#breadcrumb\",\"itemListElement\":[{\"@type\":\"ListItem\",\"position\":1,\"name\":\"In\u00edcio\",\"item\":\"https:\/\/oicriativas.faac.unesp.br\/\"},{\"@type\":\"ListItem\",\"position\":2,\"name\":\"Quem Somos\"}]},{\"@type\":\"WebSite\",\"@id\":\"https:\/\/oicriativas.faac.unesp.br\/#website\",\"url\":\"https:\/\/oicriativas.faac.unesp.br\/\",\"name\":\"Oi Criativas\",\"description\":\"\",\"publisher\":{\"@id\":\"https:\/\/oicriativas.faac.unesp.br\/#organization\"},\"potentialAction\":[{\"@type\":\"SearchAction\",\"target\":{\"@type\":\"EntryPoint\",\"urlTemplate\":\"https:\/\/oicriativas.faac.unesp.br\/?s={search_term_string}\"},\"query-input\":\"required name=search_term_string\"}],\"inLanguage\":\"pt-BR\"},{\"@type\":\"Organization\",\"@id\":\"https:\/\/oicriativas.faac.unesp.br\/#organization\",\"name\":\"Oi Criativas\",\"url\":\"https:\/\/oicriativas.faac.unesp.br\/\",\"logo\":{\"@type\":\"ImageObject\",\"inLanguage\":\"pt-BR\",\"@id\":\"https:\/\/oicriativas.faac.unesp.br\/#\/schema\/logo\/image\/\",\"url\":\"https:\/\/oicriativas.faac.unesp.br\/wp-content\/uploads\/2021\/04\/cropped-Transparente-300-px.png\",\"contentUrl\":\"https:\/\/oicriativas.faac.unesp.br\/wp-content\/uploads\/2021\/04\/cropped-Transparente-300-px.png\",\"width\":300,\"height\":118,\"caption\":\"Oi Criativas\"},\"image\":{\"@id\":\"https:\/\/oicriativas.faac.unesp.br\/#\/schema\/logo\/image\/\"}}]}<\/script>\n<!-- \/ Yoast SEO plugin. -->","yoast_head_json":{"title":"Quem Somos - Oi Criativas","robots":{"index":"index","follow":"follow","max-snippet":"max-snippet:-1","max-image-preview":"max-image-preview:large","max-video-preview":"max-video-preview:-1"},"canonical":"https:\/\/oicriativas.faac.unesp.br\/index.php\/quem-somos\/","twitter_card":"summary_large_image","twitter_title":"Quem Somos - Oi Criativas","twitter_description":"O Observat\u00f3rio de Inova\u00e7\u00e3o e Criatividade \u00e9 um projeto nas \u00e1reas de comunica\u00e7\u00e3o e tecnologia do Departamento de Comunica\u00e7\u00e3o Social da Faculdade de Arquitetura, Artes e Comunica\u00e7\u00e3o da UNESP Bauru. O projeto nasceu da inten\u00e7\u00e3o de criar um acervo digital de refer\u00eancias bibliogr\u00e1ficas e midi\u00e1ticas a respeito das Ind\u00fastrias Criativas. Os trabalhos de pesquisa e&hellip;&nbsp;Continue a ler &raquo;Quem Somos","twitter_misc":{"Est. tempo de leitura":"1 minuto"},"schema":{"@context":"https:\/\/schema.org","@graph":[{"@type":"WebPage","@id":"https:\/\/oicriativas.faac.unesp.br\/index.php\/quem-somos\/","url":"https:\/\/oicriativas.faac.unesp.br\/index.php\/quem-somos\/","name":"Quem Somos - Oi Criativas","isPartOf":{"@id":"https:\/\/oicriativas.faac.unesp.br\/#website"},"datePublished":"2014-01-15T20:05:47+00:00","dateModified":"2021-05-22T16:29:48+00:00","breadcrumb":{"@id":"https:\/\/oicriativas.faac.unesp.br\/index.php\/quem-somos\/#breadcrumb"},"inLanguage":"pt-BR","potentialAction":[{"@type":"ReadAction","target":["https:\/\/oicriativas.faac.unesp.br\/index.php\/quem-somos\/"]}]},{"@type":"BreadcrumbList","@id":"https:\/\/oicriativas.faac.unesp.br\/index.php\/quem-somos\/#breadcrumb","itemListElement":[{"@type":"ListItem","position":1,"name":"In\u00edcio","item":"https:\/\/oicriativas.faac.unesp.br\/"},{"@type":"ListItem","position":2,"name":"Quem Somos"}]},{"@type":"WebSite","@id":"https:\/\/oicriativas.faac.unesp.br\/#website","url":"https:\/\/oicriativas.faac.unesp.br\/","name":"Oi Criativas","description":"","publisher":{"@id":"https:\/\/oicriativas.faac.unesp.br\/#organization"},"potentialAction":[{"@type":"SearchAction","target":{"@type":"EntryPoint","urlTemplate":"https:\/\/oicriativas.faac.unesp.br\/?s={search_term_string}"},"query-input":"required name=search_term_string"}],"inLanguage":"pt-BR"},{"@type":"Organization","@id":"https:\/\/oicriativas.faac.unesp.br\/#organization","name":"Oi Criativas","url":"https:\/\/oicriativas.faac.unesp.br\/","logo":{"@type":"ImageObject","inLanguage":"pt-BR","@id":"https:\/\/oicriativas.faac.unesp.br\/#\/schema\/logo\/image\/","url":"https:\/\/oicriativas.faac.unesp.br\/wp-content\/uploads\/2021\/04\/cropped-Transparente-300-px.png","contentUrl":"https:\/\/oicriativas.faac.unesp.br\/wp-content\/uploads\/2021\/04\/cropped-Transparente-300-px.png","width":300,"height":118,"caption":"Oi Criativas"},"image":{"@id":"https:\/\/oicriativas.faac.unesp.br\/#\/schema\/logo\/image\/"}}]}},"_links":{"self":[{"href":"https:\/\/oicriativas.faac.unesp.br\/index.php\/wp-json\/wp\/v2\/pages\/8"}],"collection":[{"href":"https:\/\/oicriativas.faac.unesp.br\/index.php\/wp-json\/wp\/v2\/pages"}],"about":[{"href":"https:\/\/oicriativas.faac.unesp.br\/index.php\/wp-json\/wp\/v2\/types\/page"}],"author":[{"embeddable":true,"href":"https:\/\/oicriativas.faac.unesp.br\/index.php\/wp-json\/wp\/v2\/users\/1"}],"replies":[{"embeddable":true,"href":"https:\/\/oicriativas.faac.unesp.br\/index.php\/wp-json\/wp\/v2\/comments?post=8"}],"version-history":[{"count":21,"href":"https:\/\/oicriativas.faac.unesp.br\/index.php\/wp-json\/wp\/v2\/pages\/8\/revisions"}],"predecessor-version":[{"id":1047,"href":"https:\/\/oicriativas.faac.unesp.br\/index.php\/wp-json\/wp\/v2\/pages\/8\/revisions\/1047"}],"wp:attachment":[{"href":"https:\/\/oicriativas.faac.unesp.br\/index.php\/wp-json\/wp\/v2\/media?parent=8"}],"curies":[{"name":"wp","href":"https:\/\/api.w.org\/{rel}","templated":true}]}}